{"id":2,"date":"2016-05-25T06:26:23","date_gmt":"2016-05-25T06:26:23","guid":{"rendered":"http:\/\/www.tarragonaradio.cat\/elpontdemahoma\/?page_id=2"},"modified":"2019-04-30T11:30:25","modified_gmt":"2019-04-30T11:30:25","slug":"pagina-exemple","status":"publish","type":"page","link":"https:\/\/www.tarragonaradio.cat\/elpontdemahoma\/pagina-exemple\/","title":{"rendered":"La cordada del Pont de Mahoma"},"content":{"rendered":"<p><strong><u><img loading=\"lazy\" decoding=\"async\" class=\"aligncenter\" title=\"\" src=\"http:\/\/www.tarragonaradio.cat\/DATA\/2016\/1\/52994_img_8066_P.JPG\" alt=\"\" width=\"300\" height=\"224\" \/><\/u><\/strong><\/p>\n<p><strong><u>\u00d2scar Cadiach<\/u><\/strong><\/p>\n<p><img loading=\"lazy\" decoding=\"async\" class=\"size-medium wp-image-86 aligncenter\" src=\"http:\/\/www.tarragonaradio.cat\/elpontdemahoma\/wp-content\/uploads\/2016\/05\/CADIACH-BROAD-TENDA-300x300.jpg\" alt=\"CADIACH BROAD TENDA\" width=\"300\" height=\"300\" srcset=\"https:\/\/www.tarragonaradio.cat\/elpontdemahoma\/wp-content\/uploads\/2016\/05\/CADIACH-BROAD-TENDA-300x300.jpg 300w, https:\/\/www.tarragonaradio.cat\/elpontdemahoma\/wp-content\/uploads\/2016\/05\/CADIACH-BROAD-TENDA-150x150.jpg 150w, https:\/\/www.tarragonaradio.cat\/elpontdemahoma\/wp-content\/uploads\/2016\/05\/CADIACH-BROAD-TENDA-768x768.jpg 768w, https:\/\/www.tarragonaradio.cat\/elpontdemahoma\/wp-content\/uploads\/2016\/05\/CADIACH-BROAD-TENDA.jpg 960w\" sizes=\"auto, (max-width: 300px) 100vw, 300px\" \/><\/p>\n<p style=\"text-align: justify;\">Guia UIAGM, c\u00e0mera d&#8217;altura, conferenciant. \u00c9s la columna vertebral del Pont de Mahoma. \u00c9s el primer alpinista catal\u00e0 en assolir el cim de l&#8217;Everest, l\u2019any 1985. Va ser el primer occidental en superar el m\u00edtic segon esgla\u00f3 del sostre del m\u00f3n, que va coronar sense oxigen artificial per la cara nord. Aquesta primavera, al Broad Peak principal, pot tancar el cercle dels seus 14 vuitmils. Ha fet el K2 per la \u2018Magic Line\u2019. Ha participat en nombroses expedicions a diferents continents i pa\u00efsos: \u00c0frica, Alg\u00e8ria, Am\u00e8rica del Sud, Andes, Patag\u00f2nia, Turkia, \u00c0sia, al Karakorum, i a l&#8217;Him\u00e0laia. A m\u00e9s, com a guia d&#8217;alta muntanya, ha dirigit grups d&#8217;alpinistes a l&#8217;Aconcagua, al Kilimanjaro i a cims de l&#8217;Him\u00e0laia i al Karakoram.<\/p>\n<p><strong><u>Ricard Fern\u00e1ndez<\/u><\/strong><u> \u00a0\u00a0\u00a0<\/u><\/p>\n<p><img decoding=\"async\" class=\"spotlight aligncenter\" src=\"https:\/\/scontent-mad1-1.xx.fbcdn.net\/v\/t1.0-9\/10616422_833109206700174_7679075246496895505_n.jpg?oh=f1e95b6074df0d3a8f8a2618beacf9d6&amp;oe=57CDB8B9\" alt=\"\" \/><\/p>\n<p style=\"text-align: justify;\">Amb m\u00e9s de vint anys d&#8217;experi\u00e8ncia en conducci\u00f3 de grups, fa trenta-sis que s&#8217;enfila per les muntanyes. L&#8217;any 1981 va comen\u00e7ar a escalar a Montserrat, activitat que l&#8217;ha portat a parets dels Pirineus, Alps o Dolomites. Ha pujat muntanyes de renom a l&#8217;\u00c0frica, Bol\u00edvia, Argentina o Patag\u00f2nia. Membre d&#8217;una expedici\u00f3 al Chulu W, en el mass\u00eds dels Annapurna, ha realitzat trekking a Sudam\u00e8rica, Patag\u00f2nia, Him\u00e0laia, Kenya o Nova Zelanda. Autor del llibre &#8220;Que bonica \u00e9s la Muntanya&#8221; (amb dibuixos de Xavier Lamas) i col\u00b7laborador amb relats de ficci\u00f3 i humor a la revista &#8220;Extrem&#8221; entre d&#8217;altres. Montserrat representa per a ell un centre de tot all\u00f2 que es troba a la muntanya.<\/p>\n<p><strong><u>Josep Maria Bonach\u00ed:<\/u><\/strong><\/p>\n<p><img decoding=\"async\" class=\"spotlight aligncenter\" src=\"https:\/\/scontent-mad1-1.xx.fbcdn.net\/v\/t1.0-9\/1378889_603114719730547_728638687_n.jpg?oh=8b8a2e24d4c98275ba926477fc550807&amp;oe=57C29188\" alt=\"\" \/><\/p>\n<p style=\"text-align: justify;\">Expert on els hagi en recorreguts de mitja muntanya i cims pirinencs, pocs 3.000 li queden per trepitjar. Gran caminador per tot l\u2019entorn de les muntanyes del Camp de Tarragona i l\u2019Ebre, que es coneix com la palma de la m\u00e0. Ha conduit programes televisius en format documental, amb recomanacions de sortides per aquesta zona que tant coneix i estima. Trekking per la West Highland Way (Esc\u00f2cia).<\/p>\n<p><strong><u>Jordi Mena:<img decoding=\"async\" class=\"spotlight aligncenter\" src=\"https:\/\/scontent-mad1-1.xx.fbcdn.net\/v\/t1.0-9\/1914953_172324299392_2975283_n.jpg?oh=11a5af6b220834c9cbb7db8f2f5b8273&amp;oe=57C352E2\" alt=\"\" \/><\/u><\/strong><\/p>\n<p style=\"text-align: justify;\">Des dels 13 anys vinculat a la muntanya, en gaireb\u00e9 totes les seves facetes, escalada, alpinisme, BTT, esqu\u00ed de Muntanya, descens de canyons, expedicions&#8230; La seva passi\u00f3 \u00e9s l\u2019alpinisme i el telemark. Des de l&#8217;any 2000 ha format part de 4 Expedicions a l&#8217;Him\u00e0laia. El 2003 va intentar descendir amb esqu\u00eds el Cho Oyu (8.201 m), per\u00f2 la climatologia i la manca d&#8217;aclimataci\u00f3 no van permetre completar el projecte. Els darrers anys, ha obert vies d\u2019escalada.<\/p>\n<p><span style=\"text-decoration: underline;\"><strong>Josep Su\u00f1\u00e9:<\/strong><\/span><\/p>\n<p>Periodista. Coordinador de continguts de Tarragona R\u00e0dio, tamb\u00e9 escalador i muntanyenc. Des de que va superar l\u2019adolesc\u00e8ncia que est\u00e0 penjat a les parets de Siurana, Arbol\u00ed, La Mussara, Mont-ral, la Riba, i altres escoles d\u2019escalada esportiva. Alguna incursi\u00f3 tamb\u00e9 a la cl\u00e0ssica i a les vies ferrades. Li agrada m\u00e9s agafar perspectiva en altura, i sempre que pot s\u2019enfila a algun 3.000; Aneto, Pica d\u2019Estats, Pedraforca, Carlit, Besiberri Nord&#8230;<\/p>\n","protected":false},"excerpt":{"rendered":"<p>\u00d2scar Cadiach Guia UIAGM, c\u00e0mera d&#8217;altura, conferenciant. \u00c9s la columna vertebral del Pont de Mahoma. \u00c9s el primer alpinista catal\u00e0 en assolir el cim de l&#8217;Everest, l\u2019any 1985. Va ser el primer occidental en superar el m\u00edtic segon esgla\u00f3 del sostre del m\u00f3n, que va coronar sense oxigen artificial per la cara nord. Aquesta primavera, &hellip; <a href=\"https:\/\/www.tarragonaradio.cat\/elpontdemahoma\/pagina-exemple\/\" class=\"more-link\">Continua la lectura de <span class=\"screen-reader-text\">La cordada del Pont de Mahoma<\/span> <span class=\"meta-nav\">&rarr;<\/span><\/a><\/p>\n","protected":false},"author":1,"featured_media":0,"parent":0,"menu_order":0,"comment_status":"closed","ping_status":"closed","template":"","meta":{"_monsterinsights_skip_tracking":false,"_monsterinsights_sitenote_active":false,"_monsterinsights_sitenote_note":"","_monsterinsights_sitenote_category":0,"footnotes":""},"class_list":["post-2","page","type-page","status-publish","hentry"],"_links":{"self":[{"href":"https:\/\/www.tarragonaradio.cat\/elpontdemahoma\/wp-json\/wp\/v2\/pages\/2","targetHints":{"allow":["GET"]}}],"collection":[{"href":"https:\/\/www.tarragonaradio.cat\/elpontdemahoma\/wp-json\/wp\/v2\/pages"}],"about":[{"href":"https:\/\/www.tarragonaradio.cat\/elpontdemahoma\/wp-json\/wp\/v2\/types\/page"}],"author":[{"embeddable":true,"href":"https:\/\/www.tarragonaradio.cat\/elpontdemahoma\/wp-json\/wp\/v2\/users\/1"}],"replies":[{"embeddable":true,"href":"https:\/\/www.tarragonaradio.cat\/elpontdemahoma\/wp-json\/wp\/v2\/comments?post=2"}],"version-history":[{"count":3,"href":"https:\/\/www.tarragonaradio.cat\/elpontdemahoma\/wp-json\/wp\/v2\/pages\/2\/revisions"}],"predecessor-version":[{"id":1187,"href":"https:\/\/www.tarragonaradio.cat\/elpontdemahoma\/wp-json\/wp\/v2\/pages\/2\/revisions\/1187"}],"wp:attachment":[{"href":"https:\/\/www.tarragonaradio.cat\/elpontdemahoma\/wp-json\/wp\/v2\/media?parent=2"}],"curies":[{"name":"wp","href":"https:\/\/api.w.org\/{rel}","templated":true}]}}